{"id":3725,"date":"2023-05-22T17:53:34","date_gmt":"2023-05-22T15:53:34","guid":{"rendered":"https:\/\/orthodental.si\/en\/?page_id=3725"},"modified":"2026-04-22T13:07:57","modified_gmt":"2026-04-22T11:07:57","slug":"novo-mesto","status":"publish","type":"page","link":"https:\/\/orthodental.si\/en\/locations\/novo-mesto\/","title":{"rendered":"Novo Mesto"},"content":{"rendered":"\t\t<div data-elementor-type=\"wp-page\" data-elementor-id=\"3725\" class=\"elementor elementor-3725\" data-elementor-post-type=\"page\">\n\t\t\t\t\t\t<div class=\"elementor-inner\">\n\t\t\t\t<div class=\"elementor-section-wrap\">\n\t\t\t\t\t\t\t\t\t<section class=\"elementor-section elementor-top-section elementor-element elementor-element-7e5d8c64 elementor-section-boxed elementor-section-height-default elementor-section-height-default\" data-id=\"7e5d8c64\" data-element_type=\"section\">\n\t\t\t\t\t\t<div class=\"elementor-container elementor-column-gap-default\">\n\t\t\t\t\t\t\t<div class=\"elementor-row\">\n\t\t\t\t\t<div class=\"elementor-column elementor-col-100 elementor-top-column elementor-element elementor-element-719dbfea\" data-id=\"719dbfea\" data-element_type=\"column\">\n\t\t\t<div class=\"elementor-column-wrap elementor-element-populated\">\n\t\t\t\t\t\t\t<div class=\"elementor-widget-wrap\">\n\t\t\t\t\t\t<div class=\"elementor-element elementor-element-1a874e2 elementor-widget elementor-widget-spacer\" data-id=\"1a874e2\" data-element_type=\"widget\" data-widget_type=\"spacer.default\">\n\t\t\t\t<div class=\"elementor-widget-container\">\n\t\t\t\t\t<div class=\"elementor-spacer\">\n\t\t\t<div class=\"elementor-spacer-inner\"><\/div>\n\t\t<\/div>\n\t\t\t\t<\/div>\n\t\t\t\t<\/div>\n\t\t\t\t<div class=\"elementor-element elementor-element-c91c0e2 elementor-widget elementor-widget-heading\" data-id=\"c91c0e2\" data-element_type=\"widget\" data-widget_type=\"heading.default\">\n\t\t\t\t<div class=\"elementor-widget-container\">\n\t\t\t<h1 class=\"elementor-heading-title elementor-size-xl\">OrthoDental Ljubljana - Technology Park<\/h1>\t\t<\/div>\n\t\t\t\t<\/div>\n\t\t\t\t<div class=\"elementor-element elementor-element-f0b0d5e elementor-widget elementor-widget-text-editor\" data-id=\"f0b0d5e\" data-element_type=\"widget\" data-widget_type=\"text-editor.default\">\n\t\t\t\t<div class=\"elementor-widget-container\">\n\t\t\t\t\t\t\t\t<div class=\"elementor-text-editor elementor-clearfix\">\n\t\t\t\t<p><span style=\"font-size: 16px; font-style: normal; color: #000000; font-variant-ligatures: normal; orphans: 2; widows: 2; text-decoration-thickness: initial; text-decoration-style: initial; text-decoration-color: initial;\">OrthoDental, Mali Slatnik 13, 8000 Novo mesto<\/span><\/p>\t\t\t\t\t<\/div>\n\t\t\t\t\t\t<\/div>\n\t\t\t\t<\/div>\n\t\t\t\t\t\t<\/div>\n\t\t\t\t\t<\/div>\n\t\t<\/div>\n\t\t\t\t\t\t\t\t<\/div>\n\t\t\t\t\t<\/div>\n\t\t<\/section>\n\t\t\t\t<section class=\"elementor-section elementor-top-section elementor-element elementor-element-1ec6526 elementor-section-boxed elementor-section-height-default elementor-section-height-default\" data-id=\"1ec6526\" data-element_type=\"section\">\n\t\t\t\t\t\t<div class=\"elementor-container elementor-column-gap-default\">\n\t\t\t\t\t\t\t<div class=\"elementor-row\">\n\t\t\t\t\t<div class=\"elementor-column elementor-col-100 elementor-top-column elementor-element elementor-element-c58d697\" data-id=\"c58d697\" data-element_type=\"column\">\n\t\t\t<div class=\"elementor-column-wrap elementor-element-populated\">\n\t\t\t\t\t\t\t<div class=\"elementor-widget-wrap\">\n\t\t\t\t\t\t<div class=\"elementor-element elementor-element-45bd893 elementor-widget elementor-widget-google_maps\" data-id=\"45bd893\" data-element_type=\"widget\" data-widget_type=\"google_maps.default\">\n\t\t\t\t<div class=\"elementor-widget-container\">\n\t\t\t\t\t<div class=\"elementor-custom-embed\">\n\t\t\t<iframe loading=\"lazy\"\n\t\t\t\t\tsrc=\"https:\/\/maps.google.com\/maps?q=OrthoDental%2C%20Mali%20Slatnik%2013%2C%208000%20Novo%20mesto&#038;t=m&#038;z=16&#038;output=embed&#038;iwloc=near\"\n\t\t\t\t\ttitle=\"OrthoDental, Mali Slatnik 13, 8000 Novo mesto\"\n\t\t\t\t\taria-label=\"OrthoDental, Mali Slatnik 13, 8000 Novo mesto\"\n\t\t\t><\/iframe>\n\t\t<\/div>\n\t\t\t\t<\/div>\n\t\t\t\t<\/div>\n\t\t\t\t\t\t<\/div>\n\t\t\t\t\t<\/div>\n\t\t<\/div>\n\t\t\t\t\t\t\t\t<\/div>\n\t\t\t\t\t<\/div>\n\t\t<\/section>\n\t\t\t\t<section class=\"elementor-section elementor-top-section elementor-element elementor-element-e0f4c45 elementor-section-boxed elementor-section-height-default elementor-section-height-default\" data-id=\"e0f4c45\" data-element_type=\"section\">\n\t\t\t\t\t\t<div class=\"elementor-container elementor-column-gap-default\">\n\t\t\t\t\t\t\t<div class=\"elementor-row\">\n\t\t\t\t\t<div class=\"elementor-column elementor-col-100 elementor-top-column elementor-element elementor-element-df28cfd\" data-id=\"df28cfd\" data-element_type=\"column\">\n\t\t\t<div class=\"elementor-column-wrap elementor-element-populated\">\n\t\t\t\t\t\t\t<div class=\"elementor-widget-wrap\">\n\t\t\t\t\t\t<div class=\"elementor-element elementor-element-a210a48 elementor-widget elementor-widget-spacer\" data-id=\"a210a48\" data-element_type=\"widget\" data-widget_type=\"spacer.default\">\n\t\t\t\t<div class=\"elementor-widget-container\">\n\t\t\t\t\t<div class=\"elementor-spacer\">\n\t\t\t<div class=\"elementor-spacer-inner\"><\/div>\n\t\t<\/div>\n\t\t\t\t<\/div>\n\t\t\t\t<\/div>\n\t\t\t\t<div class=\"elementor-element elementor-element-e1c255f elementor-widget elementor-widget-heading\" data-id=\"e1c255f\" data-element_type=\"widget\" data-widget_type=\"heading.default\">\n\t\t\t\t<div class=\"elementor-widget-container\">\n\t\t\t<h2 class=\"elementor-heading-title elementor-size-large\">Dentist in Novo Mesto<\/h2>\t\t<\/div>\n\t\t\t\t<\/div>\n\t\t\t\t<div class=\"elementor-element elementor-element-b18f0b5 elementor-widget elementor-widget-text-editor\" data-id=\"b18f0b5\" data-element_type=\"widget\" data-widget_type=\"text-editor.default\">\n\t\t\t\t<div class=\"elementor-widget-container\">\n\t\t\t\t\t\t\t\t<div class=\"elementor-text-editor elementor-clearfix\">\n\t\t\t\t<p style=\"text-align: center;\">In 2025, we also expanded our presence to the Dolenjska region, where we operate in partnership with the Floss Private Dentistry clinic at Mali Slatnik 13, 8000 Novo mesto. The clinic, led by Dr. Lu\u010dka Seli\u010d, DMD, offers a pleasant and modern environment for comprehensive dental care. We are located in a quiet part of Novo Mesto, with easy access for both local patients and visitors from the wider region. There is ample parking available nearby.<\/p>\t\t\t\t\t<\/div>\n\t\t\t\t\t\t<\/div>\n\t\t\t\t<\/div>\n\t\t\t\t\t\t<\/div>\n\t\t\t\t\t<\/div>\n\t\t<\/div>\n\t\t\t\t\t\t\t\t<\/div>\n\t\t\t\t\t<\/div>\n\t\t<\/section>\n\t\t\t\t<section class=\"elementor-section elementor-top-section elementor-element elementor-element-adb9e5a elementor-section-boxed elementor-section-height-default elementor-section-height-default\" data-id=\"adb9e5a\" data-element_type=\"section\">\n\t\t\t\t\t\t<div class=\"elementor-container elementor-column-gap-default\">\n\t\t\t\t\t\t\t<div class=\"elementor-row\">\n\t\t\t\t\t<div class=\"elementor-column elementor-col-100 elementor-top-column elementor-element elementor-element-aa50f28\" data-id=\"aa50f28\" data-element_type=\"column\">\n\t\t\t<div class=\"elementor-column-wrap elementor-element-populated\">\n\t\t\t\t\t\t\t<div class=\"elementor-widget-wrap\">\n\t\t\t\t\t\t<div class=\"elementor-element elementor-element-badfbe8 elementor-widget elementor-widget-heading\" data-id=\"badfbe8\" data-element_type=\"widget\" data-widget_type=\"heading.default\">\n\t\t\t\t<div class=\"elementor-widget-container\">\n\t\t\t<h3 class=\"elementor-heading-title elementor-size-default\">Invisalign in Novo Mesto<\/h3>\t\t<\/div>\n\t\t\t\t<\/div>\n\t\t\t\t\t\t<\/div>\n\t\t\t\t\t<\/div>\n\t\t<\/div>\n\t\t\t\t\t\t\t\t<\/div>\n\t\t\t\t\t<\/div>\n\t\t<\/section>\n\t\t\t\t<section class=\"elementor-section elementor-top-section elementor-element elementor-element-287200c elementor-section-boxed elementor-section-height-default elementor-section-height-default\" data-id=\"287200c\" data-element_type=\"section\">\n\t\t\t\t\t\t<div class=\"elementor-container elementor-column-gap-default\">\n\t\t\t\t\t\t\t<div class=\"elementor-row\">\n\t\t\t\t\t<div class=\"elementor-column elementor-col-100 elementor-top-column elementor-element elementor-element-b8d2ace\" data-id=\"b8d2ace\" data-element_type=\"column\">\n\t\t\t<div class=\"elementor-column-wrap elementor-element-populated\">\n\t\t\t\t\t\t\t<div class=\"elementor-widget-wrap\">\n\t\t\t\t\t\t<div class=\"elementor-element elementor-element-6cb6d2b elementor-widget elementor-widget-text-editor\" data-id=\"6cb6d2b\" data-element_type=\"widget\" data-widget_type=\"text-editor.default\">\n\t\t\t\t<div class=\"elementor-widget-container\">\n\t\t\t\t\t\t\t\t<div class=\"elementor-text-editor elementor-clearfix\">\n\t\t\t\t<p style=\"text-align: center;\">OrthoDental in Novo Mesto, in cooperation with the Floss Private Dentistry clinic, provides premium Invisalign treatment under the expert guidance of Dr. Lu\u010dka Seli\u010d, DMD. This is an advanced, almost invisible method of straightening teeth that combines comfort, aesthetics, and effectiveness. In cooperation with orthodontist Gordana \u010ci\u017emek, Dr. Seli\u010d ensures individually tailored treatments through a personal approach and extensive experience, helping patients achieve a more beautiful smile in a discreet and modern way.<\/p>\t\t\t\t\t<\/div>\n\t\t\t\t\t\t<\/div>\n\t\t\t\t<\/div>\n\t\t\t\t\t\t<\/div>\n\t\t\t\t\t<\/div>\n\t\t<\/div>\n\t\t\t\t\t\t\t\t<\/div>\n\t\t\t\t\t<\/div>\n\t\t<\/section>\n\t\t\t\t<section class=\"elementor-section elementor-top-section elementor-element elementor-element-8b050b1 elementor-section-boxed elementor-section-height-default elementor-section-height-default\" data-id=\"8b050b1\" data-element_type=\"section\">\n\t\t\t\t\t\t<div class=\"elementor-container elementor-column-gap-default\">\n\t\t\t\t\t\t\t<div class=\"elementor-row\">\n\t\t\t\t\t<div class=\"elementor-column elementor-col-100 elementor-top-column elementor-element elementor-element-27aaffc\" data-id=\"27aaffc\" data-element_type=\"column\">\n\t\t\t<div class=\"elementor-column-wrap elementor-element-populated\">\n\t\t\t\t\t\t\t<div class=\"elementor-widget-wrap\">\n\t\t\t\t\t\t<div class=\"elementor-element elementor-element-909f374 elementor-widget elementor-widget-heading\" data-id=\"909f374\" data-element_type=\"widget\" data-widget_type=\"heading.default\">\n\t\t\t\t<div class=\"elementor-widget-container\">\n\t\t\t<h3 class=\"elementor-heading-title elementor-size-default\">A comfortable and fast path to the perfect smile with Invisalign<\/h3>\t\t<\/div>\n\t\t\t\t<\/div>\n\t\t\t\t\t\t<\/div>\n\t\t\t\t\t<\/div>\n\t\t<\/div>\n\t\t\t\t\t\t\t\t<\/div>\n\t\t\t\t\t<\/div>\n\t\t<\/section>\n\t\t\t\t<section class=\"elementor-section elementor-top-section elementor-element elementor-element-9551a47 elementor-section-boxed elementor-section-height-default elementor-section-height-default\" data-id=\"9551a47\" data-element_type=\"section\">\n\t\t\t\t\t\t<div class=\"elementor-container elementor-column-gap-default\">\n\t\t\t\t\t\t\t<div class=\"elementor-row\">\n\t\t\t\t\t<div class=\"elementor-column elementor-col-100 elementor-top-column elementor-element elementor-element-f5fd661\" data-id=\"f5fd661\" data-element_type=\"column\">\n\t\t\t<div class=\"elementor-column-wrap elementor-element-populated\">\n\t\t\t\t\t\t\t<div class=\"elementor-widget-wrap\">\n\t\t\t\t\t\t<div class=\"elementor-element elementor-element-680e7e8 elementor-widget elementor-widget-text-editor\" data-id=\"680e7e8\" data-element_type=\"widget\" data-widget_type=\"text-editor.default\">\n\t\t\t\t<div class=\"elementor-widget-container\">\n\t\t\t\t\t\t\t\t<div class=\"elementor-text-editor elementor-clearfix\">\n\t\t\t\t<p style=\"text-align: center;\">At our clinic, we make sure your Invisalign treatment experience is as pleasant and effective as possible. We use the modern intraoral iTero scanner, which enables extremely precise digital imaging of the teeth and gums, without the discomfort caused by traditional impressions. Advanced technology allows for a faster start to treatment, precise production of Invisalign aligners, and a perfect fit for your smile.<\/p>\t\t\t\t\t<\/div>\n\t\t\t\t\t\t<\/div>\n\t\t\t\t<\/div>\n\t\t\t\t\t\t<\/div>\n\t\t\t\t\t<\/div>\n\t\t<\/div>\n\t\t\t\t\t\t\t\t<\/div>\n\t\t\t\t\t<\/div>\n\t\t<\/section>\n\t\t\t\t<section class=\"elementor-section elementor-top-section elementor-element elementor-element-d131f33 elementor-section-boxed elementor-section-height-default elementor-section-height-default\" data-id=\"d131f33\" data-element_type=\"section\">\n\t\t\t\t\t\t<div class=\"elementor-container elementor-column-gap-default\">\n\t\t\t\t\t\t\t<div class=\"elementor-row\">\n\t\t\t\t\t<div class=\"elementor-column elementor-col-100 elementor-top-column elementor-element elementor-element-93477e4\" data-id=\"93477e4\" data-element_type=\"column\">\n\t\t\t<div class=\"elementor-column-wrap elementor-element-populated\">\n\t\t\t\t\t\t\t<div class=\"elementor-widget-wrap\">\n\t\t\t\t\t\t<div class=\"elementor-element elementor-element-95d71bd elementor-widget elementor-widget-heading\" data-id=\"95d71bd\" data-element_type=\"widget\" data-widget_type=\"heading.default\">\n\t\t\t\t<div class=\"elementor-widget-container\">\n\t\t\t<h3 class=\"elementor-heading-title elementor-size-default\">Installment payments with Leanpay<\/h3>\t\t<\/div>\n\t\t\t\t<\/div>\n\t\t\t\t\t\t<\/div>\n\t\t\t\t\t<\/div>\n\t\t<\/div>\n\t\t\t\t\t\t\t\t<\/div>\n\t\t\t\t\t<\/div>\n\t\t<\/section>\n\t\t\t\t<section class=\"elementor-section elementor-top-section elementor-element elementor-element-7d1cb13 elementor-section-boxed elementor-section-height-default elementor-section-height-default\" data-id=\"7d1cb13\" data-element_type=\"section\">\n\t\t\t\t\t\t<div class=\"elementor-container elementor-column-gap-default\">\n\t\t\t\t\t\t\t<div class=\"elementor-row\">\n\t\t\t\t\t<div class=\"elementor-column elementor-col-100 elementor-top-column elementor-element elementor-element-562100c\" data-id=\"562100c\" data-element_type=\"column\">\n\t\t\t<div class=\"elementor-column-wrap elementor-element-populated\">\n\t\t\t\t\t\t\t<div class=\"elementor-widget-wrap\">\n\t\t\t\t\t\t<div class=\"elementor-element elementor-element-e94d150 elementor-widget elementor-widget-text-editor\" data-id=\"e94d150\" data-element_type=\"widget\" data-widget_type=\"text-editor.default\">\n\t\t\t\t<div class=\"elementor-widget-container\">\n\t\t\t\t\t\t\t\t<div class=\"elementor-text-editor elementor-clearfix\">\n\t\t\t\t<p style=\"text-align: center;\">We understand that dental treatment can be a major financial expense, which is why OrthoDental works with Leanpay, allowing our patients to pay for services in up to 84 installments. This payment option is simple, fast, and flexible, designed to adapt to your financial capabilities.<\/p><p>\u00a0<\/p><p>OrthoDental in Novo Mesto is the right choice for top-quality dental care that combines expertise, innovation, and patient-friendly solutions. Visit us and let us take care of your smile with the latest technology, expert knowledge, and an individual approach.<\/p>\t\t\t\t\t<\/div>\n\t\t\t\t\t\t<\/div>\n\t\t\t\t<\/div>\n\t\t\t\t\t\t<\/div>\n\t\t\t\t\t<\/div>\n\t\t<\/div>\n\t\t\t\t\t\t\t\t<\/div>\n\t\t\t\t\t<\/div>\n\t\t<\/section>\n\t\t\t\t<section class=\"elementor-section elementor-top-section elementor-element elementor-element-08ec47e elementor-section-boxed elementor-section-height-default elementor-section-height-default\" data-id=\"08ec47e\" data-element_type=\"section\">\n\t\t\t\t\t\t<div class=\"elementor-container elementor-column-gap-default\">\n\t\t\t\t\t\t\t<div class=\"elementor-row\">\n\t\t\t\t\t<div class=\"elementor-column elementor-col-100 elementor-top-column elementor-element elementor-element-3942dcd\" data-id=\"3942dcd\" data-element_type=\"column\">\n\t\t\t<div class=\"elementor-column-wrap elementor-element-populated\">\n\t\t\t\t\t\t\t<div class=\"elementor-widget-wrap\">\n\t\t\t\t\t\t<div class=\"elementor-element elementor-element-274a1cf elementor-widget elementor-widget-heading\" data-id=\"274a1cf\" data-element_type=\"widget\" data-widget_type=\"heading.default\">\n\t\t\t\t<div class=\"elementor-widget-container\">\n\t\t\t<h3 class=\"elementor-heading-title elementor-size-default\">Working hours<\/h3>\t\t<\/div>\n\t\t\t\t<\/div>\n\t\t\t\t<section class=\"elementor-section elementor-inner-section elementor-element elementor-element-daff65c elementor-section-boxed elementor-section-height-default elementor-section-height-default\" data-id=\"daff65c\" data-element_type=\"section\">\n\t\t\t\t\t\t<div class=\"elementor-container elementor-column-gap-default\">\n\t\t\t\t\t\t\t<div class=\"elementor-row\">\n\t\t\t\t\t<div class=\"elementor-column elementor-col-100 elementor-inner-column elementor-element elementor-element-e6a1a7c\" data-id=\"e6a1a7c\" data-element_type=\"column\">\n\t\t\t<div class=\"elementor-column-wrap elementor-element-populated\">\n\t\t\t\t\t\t\t<div class=\"elementor-widget-wrap\">\n\t\t\t\t\t\t<div class=\"elementor-element elementor-element-79a753a elementor-widget elementor-widget-text-editor\" data-id=\"79a753a\" data-element_type=\"widget\" data-widget_type=\"text-editor.default\">\n\t\t\t\t<div class=\"elementor-widget-container\">\n\t\t\t\t\t\t\t\t<div class=\"elementor-text-editor elementor-clearfix\">\n\t\t\t\t<p>Monday 7:00-14:00<br \/>Tuesday 13:00-20:00<br \/>Wednesday 13:00-20:00<br \/>Thursday 7:00-14:00<br \/>Friday 7:00-14:00<br \/>Saturday Closed\u00a0<br \/>Sunday Closed\u00a0<\/p>\t\t\t\t\t<\/div>\n\t\t\t\t\t\t<\/div>\n\t\t\t\t<\/div>\n\t\t\t\t\t\t<\/div>\n\t\t\t\t\t<\/div>\n\t\t<\/div>\n\t\t\t\t\t\t\t\t<\/div>\n\t\t\t\t\t<\/div>\n\t\t<\/section>\n\t\t\t\t\t\t<\/div>\n\t\t\t\t\t<\/div>\n\t\t<\/div>\n\t\t\t\t\t\t\t\t<\/div>\n\t\t\t\t\t<\/div>\n\t\t<\/section>\n\t\t\t\t\t\t\t\t\t<\/div>\n\t\t\t<\/div>\n\t\t\t\t\t<\/div>\n\t\t\n\n<div class=\"kk-star-ratings kksr-auto kksr-align-right kksr-valign-bottom kksr-disabled\"\n    data-payload='{&quot;align&quot;:&quot;right&quot;,&quot;id&quot;:&quot;3725&quot;,&quot;readonly&quot;:&quot;1&quot;,&quot;slug&quot;:&quot;default&quot;,&quot;valign&quot;:&quot;bottom&quot;,&quot;ignore&quot;:&quot;&quot;,&quot;reference&quot;:&quot;auto&quot;,&quot;class&quot;:&quot;&quot;,&quot;count&quot;:&quot;8&quot;,&quot;legendonly&quot;:&quot;&quot;,&quot;score&quot;:&quot;5&quot;,&quot;starsonly&quot;:&quot;&quot;,&quot;best&quot;:&quot;5&quot;,&quot;gap&quot;:&quot;5&quot;,&quot;greet&quot;:&quot;Ocena uporabnikov&quot;,&quot;legend&quot;:&quot;5\\\/5 - (8 votes)&quot;,&quot;size&quot;:&quot;14&quot;,&quot;title&quot;:&quot;Novo Mesto&quot;,&quot;width&quot;:&quot;92.5&quot;,&quot;_legend&quot;:&quot;{score}\\\/{best} - ({count} {votes})&quot;,&quot;font_factor&quot;:&quot;1.25&quot;}'>\n            \n<div class=\"kksr-stars\">\n    \n<div class=\"kksr-stars-inactive\">\n            <div class=\"kksr-star\" data-star=\"1\" style=\"padding-right: 5px\">\n            \n\n<div class=\"kksr-icon\" style=\"width: 14px; height: 14px;\"><\/div>\n        <\/div>\n            <div class=\"kksr-star\" data-star=\"2\" style=\"padding-right: 5px\">\n            \n\n<div class=\"kksr-icon\" style=\"width: 14px; height: 14px;\"><\/div>\n        <\/div>\n            <div class=\"kksr-star\" data-star=\"3\" style=\"padding-right: 5px\">\n            \n\n<div class=\"kksr-icon\" style=\"width: 14px; height: 14px;\"><\/div>\n        <\/div>\n            <div class=\"kksr-star\" data-star=\"4\" style=\"padding-right: 5px\">\n            \n\n<div class=\"kksr-icon\" style=\"width: 14px; height: 14px;\"><\/div>\n        <\/div>\n            <div class=\"kksr-star\" data-star=\"5\" style=\"padding-right: 5px\">\n            \n\n<div class=\"kksr-icon\" style=\"width: 14px; height: 14px;\"><\/div>\n        <\/div>\n    <\/div>\n    \n<div class=\"kksr-stars-active\" style=\"width: 92.5px;\">\n            <div class=\"kksr-star\" style=\"padding-right: 5px\">\n            \n\n<div class=\"kksr-icon\" style=\"width: 14px; height: 14px;\"><\/div>\n        <\/div>\n            <div class=\"kksr-star\" style=\"padding-right: 5px\">\n            \n\n<div class=\"kksr-icon\" style=\"width: 14px; height: 14px;\"><\/div>\n        <\/div>\n            <div class=\"kksr-star\" style=\"padding-right: 5px\">\n            \n\n<div class=\"kksr-icon\" style=\"width: 14px; height: 14px;\"><\/div>\n        <\/div>\n            <div class=\"kksr-star\" style=\"padding-right: 5px\">\n            \n\n<div class=\"kksr-icon\" style=\"width: 14px; height: 14px;\"><\/div>\n        <\/div>\n            <div class=\"kksr-star\" style=\"padding-right: 5px\">\n            \n\n<div class=\"kksr-icon\" style=\"width: 14px; height: 14px;\"><\/div>\n        <\/div>\n    <\/div>\n<\/div>\n                \n\n<div class=\"kksr-legend\" style=\"font-size: 11.2px;\">\n            5\/5 - (8 votes)    <\/div>\n    <\/div>\n","protected":false},"excerpt":{"rendered":"<p>OrthoDental Ljubljana &#8211; Technology Park OrthoDental, Mali Slatnik 13, 8000 Novo mesto Dentist in Novo Mesto In 2025, we also expanded our presence to the Dolenjska region, where we operate in partnership with the Floss Private Dentistry clinic at Mali Slatnik 13, 8000 Novo mesto. The clinic, led by Dr. Lu\u010dka Seli\u010d, DMD, offers a &hellip;<\/p>\n<p class=\"read-more\"> <a class=\"\" href=\"https:\/\/orthodental.si\/en\/locations\/novo-mesto\/\"> <span class=\"screen-reader-text\">Novo Mesto<\/span> Read More &raquo;<\/a><\/p>\n","protected":false},"author":1,"featured_media":0,"parent":1020,"menu_order":34,"comment_status":"closed","ping_status":"closed","template":"elementor_header_footer","meta":[],"categories":[],"tags":[],"yoast_head":"<!-- This site is optimized with the Yoast SEO plugin v20.12 - https:\/\/yoast.com\/wordpress\/plugins\/seo\/ -->\n<title>OrthoDental | Novo Mesto | Invisalign<\/title>\n<meta name=\"description\" content=\"Experience at OrthoDental in Novo Mesto, check out Invisalign at OrthoDental.\" \/>\n<meta name=\"robots\" content=\"index, follow, max-snippet:-1, max-image-preview:large, max-video-preview:-1\" \/>\n<link rel=\"canonical\" href=\"https:\/\/orthodental.si\/en\/locations\/novo-mesto\/\" \/>\n<meta property=\"og:locale\" content=\"en_US\" \/>\n<meta property=\"og:type\" content=\"article\" \/>\n<meta property=\"og:title\" content=\"OrthoDental | Novo Mesto | Invisalign\" \/>\n<meta property=\"og:description\" content=\"Experience at OrthoDental in Novo Mesto, check out Invisalign at OrthoDental.\" \/>\n<meta property=\"og:url\" content=\"https:\/\/orthodental.si\/en\/locations\/novo-mesto\/\" \/>\n<meta property=\"og:site_name\" content=\"OrthoDental\" \/>\n<meta property=\"article:modified_time\" content=\"2026-04-22T11:07:57+00:00\" \/>\n<meta name=\"twitter:card\" content=\"summary_large_image\" \/>\n<meta name=\"twitter:label1\" content=\"Est. reading time\" \/>\n\t<meta name=\"twitter:data1\" content=\"2 minutes\" \/>\n<!-- \/ Yoast SEO plugin. -->","yoast_head_json":{"title":"OrthoDental | Novo Mesto | Invisalign","description":"Experience at OrthoDental in Novo Mesto, check out Invisalign at OrthoDental.","robots":{"index":"index","follow":"follow","max-snippet":"max-snippet:-1","max-image-preview":"max-image-preview:large","max-video-preview":"max-video-preview:-1"},"canonical":"https:\/\/orthodental.si\/en\/locations\/novo-mesto\/","og_locale":"en_US","og_type":"article","og_title":"OrthoDental | Novo Mesto | Invisalign","og_description":"Experience at OrthoDental in Novo Mesto, check out Invisalign at OrthoDental.","og_url":"https:\/\/orthodental.si\/en\/locations\/novo-mesto\/","og_site_name":"OrthoDental","article_modified_time":"2026-04-22T11:07:57+00:00","twitter_card":"summary_large_image","twitter_misc":{"Est. reading time":"2 minutes"},"schema":{"@context":"https:\/\/schema.org","@graph":[{"@type":"WebPage","@id":"https:\/\/orthodental.si\/en\/locations\/novo-mesto\/","url":"https:\/\/orthodental.si\/en\/locations\/novo-mesto\/","name":"OrthoDental | Novo Mesto | Invisalign","isPartOf":{"@id":"https:\/\/orthodental.si\/en\/#website"},"datePublished":"2023-05-22T15:53:34+00:00","dateModified":"2026-04-22T11:07:57+00:00","description":"Experience at OrthoDental in Novo Mesto, check out Invisalign at OrthoDental.","breadcrumb":{"@id":"https:\/\/orthodental.si\/en\/locations\/novo-mesto\/#breadcrumb"},"inLanguage":"en-US","potentialAction":[{"@type":"ReadAction","target":["https:\/\/orthodental.si\/en\/locations\/novo-mesto\/"]}]},{"@type":"BreadcrumbList","@id":"https:\/\/orthodental.si\/en\/locations\/novo-mesto\/#breadcrumb","itemListElement":[{"@type":"ListItem","position":1,"name":"Home","item":"https:\/\/orthodental.si\/en\/"},{"@type":"ListItem","position":2,"name":"Locations","item":"https:\/\/orthodental.si\/en\/locations\/"},{"@type":"ListItem","position":3,"name":"Novo Mesto"}]},{"@type":"WebSite","@id":"https:\/\/orthodental.si\/en\/#website","url":"https:\/\/orthodental.si\/en\/","name":"OrthoDental","description":"See you soon, at OrthoDental.","publisher":{"@id":"https:\/\/orthodental.si\/en\/#organization"},"potentialAction":[{"@type":"SearchAction","target":{"@type":"EntryPoint","urlTemplate":"https:\/\/orthodental.si\/en\/?s={search_term_string}"},"query-input":"required name=search_term_string"}],"inLanguage":"en-US"},{"@type":"Organization","@id":"https:\/\/orthodental.si\/en\/#organization","name":"OrthoDental","url":"https:\/\/orthodental.si\/en\/","logo":{"@type":"ImageObject","inLanguage":"en-US","@id":"https:\/\/orthodental.si\/en\/#\/schema\/logo\/image\/","url":"https:\/\/orthodental.si\/en\/wp-content\/uploads\/2023\/03\/cropped-Image-1.png","contentUrl":"https:\/\/orthodental.si\/en\/wp-content\/uploads\/2023\/03\/cropped-Image-1.png","width":512,"height":512,"caption":"OrthoDental"},"image":{"@id":"https:\/\/orthodental.si\/en\/#\/schema\/logo\/image\/"}}]}},"acf":[],"_links":{"self":[{"href":"https:\/\/orthodental.si\/en\/wp-json\/wp\/v2\/pages\/3725"}],"collection":[{"href":"https:\/\/orthodental.si\/en\/wp-json\/wp\/v2\/pages"}],"about":[{"href":"https:\/\/orthodental.si\/en\/wp-json\/wp\/v2\/types\/page"}],"author":[{"embeddable":true,"href":"https:\/\/orthodental.si\/en\/wp-json\/wp\/v2\/users\/1"}],"replies":[{"embeddable":true,"href":"https:\/\/orthodental.si\/en\/wp-json\/wp\/v2\/comments?post=3725"}],"version-history":[{"count":101,"href":"https:\/\/orthodental.si\/en\/wp-json\/wp\/v2\/pages\/3725\/revisions"}],"predecessor-version":[{"id":8621,"href":"https:\/\/orthodental.si\/en\/wp-json\/wp\/v2\/pages\/3725\/revisions\/8621"}],"up":[{"embeddable":true,"href":"https:\/\/orthodental.si\/en\/wp-json\/wp\/v2\/pages\/1020"}],"wp:attachment":[{"href":"https:\/\/orthodental.si\/en\/wp-json\/wp\/v2\/media?parent=3725"}],"wp:term":[{"taxonomy":"category","embeddable":true,"href":"https:\/\/orthodental.si\/en\/wp-json\/wp\/v2\/categories?post=3725"},{"taxonomy":"post_tag","embeddable":true,"href":"https:\/\/orthodental.si\/en\/wp-json\/wp\/v2\/tags?post=3725"}],"curies":[{"name":"wp","href":"https:\/\/api.w.org\/{rel}","templated":true}]}}